{"id":11314,"date":"2021-09-15T17:58:46","date_gmt":"2021-09-15T17:58:46","guid":{"rendered":"http:\/\/accesorios.signeo.com.ar\/?page_id=11314"},"modified":"2023-07-18T19:41:52","modified_gmt":"2023-07-18T19:41:52","slug":"palpadores-2","status":"publish","type":"page","link":"https:\/\/www.amsarg.com.ar\/accesorios\/palpadores-2\/","title":{"rendered":"Palpadores"},"content":{"rendered":"<p>[et_pb_section fb_built=&#8221;1&#8243; fullwidth=&#8221;on&#8221; _builder_version=&#8221;4.16&#8243; _module_preset=&#8221;default&#8221; global_colors_info=&#8221;{}&#8221;][et_pb_fullwidth_slider _builder_version=&#8221;4.17.0&#8243; _module_preset=&#8221;default&#8221; header_level=&#8221;h1&#8243; header_font=&#8221;Montserrat|600|||||||&#8221; header_font_size=&#8221;50px&#8221; body_font=&#8221;Montserrat|600|||||||&#8221; body_text_color=&#8221;#ffffff&#8221; body_font_size=&#8221;20px&#8221; background_image=&#8221;http:\/\/www.amsarg.com.ar\/wp-content\/uploads\/2020\/08\/SLIDER_novedades-scaled.jpg&#8221; custom_button=&#8221;on&#8221; button_text_size=&#8221;18px&#8221; button_text_color=&#8221;#ffffff&#8221; button_border_width=&#8221;4px&#8221; button_border_color=&#8221;#ffffff&#8221; button_border_radius=&#8221;100px&#8221; button_font=&#8221;Montserrat|||on|||||&#8221; button_icon_color=&#8221;#ffffff&#8221; auto=&#8221;on&#8221; auto_speed=&#8221;3500&#8243; auto_ignore_hover=&#8221;on&#8221; body_text_shadow_style=&#8221;preset1&#8243; global_colors_info=&#8221;{}&#8221;][et_pb_slide heading=&#8221;Palpadores ZEISS para m\u00e1quinas de medici\u00f3n por coordenadas&#8221; heading_tablet=&#8221;ZEISS Styli para m\u00e1quinas de medi\u00e7\u00e3o por coordenadas &#8221; heading_phone=&#8221;ZEISS Styli para m\u00e1quinas de medi\u00e7\u00e3o por coordenadas &#8221; heading_last_edited=&#8221;on|desktop&#8221; _builder_version=&#8221;4.16&#8243; _module_preset=&#8221;default&#8221; background_enable_color=&#8221;off&#8221; background_image=&#8221;http:\/\/www.amsarg.com.ar\/accesorios\/wp-content\/uploads\/2021\/10\/DiamondScan_2400x800.jpg&#8221; background_enable_image=&#8221;on&#8221; global_colors_info=&#8221;{}&#8221; sticky_transition=&#8221;on&#8221;]La combinaci\u00f3n perfecta para sus tareas de medici\u00f3n.[\/et_pb_slide][\/et_pb_fullwidth_slider][\/et_pb_section][et_pb_section fb_built=&#8221;1&#8243; _builder_version=&#8221;4.16&#8243; _module_preset=&#8221;default&#8221; global_colors_info=&#8221;{}&#8221;][et_pb_row _builder_version=&#8221;4.16&#8243; _module_preset=&#8221;default&#8221; global_colors_info=&#8221;{}&#8221;][et_pb_column type=&#8221;4_4&#8243; _builder_version=&#8221;4.16&#8243; _module_preset=&#8221;default&#8221; global_colors_info=&#8221;{}&#8221;][et_pb_button url_new_window=&#8221;on&#8221; button_text=&#8221;Haga su pedido&#8221; button_alignment=&#8221;right&#8221; _builder_version=&#8221;4.21.0&#8243; _module_preset=&#8221;default&#8221; custom_button=&#8221;on&#8221; button_text_size=&#8221;14px&#8221; button_text_color=&#8221;#747d88&#8243; button_border_width=&#8221;4px&#8221; button_border_color=&#8221;#747d88&#8243; button_border_radius=&#8221;100px&#8221; button_letter_spacing=&#8221;2px&#8221; button_font=&#8221;Montserrat|700|||||||&#8221; button_icon=&#8221;&#xe07a;||divi||400&#8243; button_icon_color=&#8221;#747d88&#8243; button_icon_placement=&#8221;left&#8221; button_on_hover=&#8221;off&#8221; transform_scale=&#8221;104%|104%&#8221; custom_margin=&#8221;||50px||false|false&#8221; custom_padding=&#8221;||0px||false|false&#8221; animation_style=&#8221;fade&#8221; locked=&#8221;off&#8221; global_colors_info=&#8221;{}&#8221;][\/et_pb_button][et_pb_text _builder_version=&#8221;4.16&#8243; _module_preset=&#8221;default&#8221; text_font=&#8221;Montserrat||||||||&#8221; text_font_size=&#8221;15px&#8221; text_line_height=&#8221;1.8em&#8221; global_colors_info=&#8221;{}&#8221;]<\/p>\n<p style=\"text-align: justify;\">El dise\u00f1o y la calidad de las sondas y los sistemas de sondas tienen una influencia decisiva en las mediciones de metrolog\u00eda t\u00e1ctil. Ya sea con puntas de rub\u00ed esf\u00e9ricas o de diamante, puntas de disco o puntas de estrella: con m\u00e1s de 7.000 puntas en su gama, ZEISS proporciona sistemas de puntas enteras de la m\u00e1s alta calidad de una sola fuente. Tiene la garant\u00eda de encontrar la mejor soluci\u00f3n para sus procesos de medici\u00f3n y piezas de trabajo, y nuestros expertos en metrolog\u00eda estar\u00e1n encantados de asesorarle sobre la elecci\u00f3n de la punta adecuada.<\/p>\n<p><strong>Por eso las sondas de palpado ZEISS son tan especiales:<\/strong><\/p>\n<ul>\n<li><strong>Precisi\u00f3n:<\/strong> Nuestras sondas permiten mediciones precisas y proporcionan resultados reproducibles con la m\u00e1s alta precisi\u00f3n.<\/li>\n<li><strong>Calidad:<\/strong> gracias a las \u00faltimas tecnolog\u00edas de producci\u00f3n, nuestras sondas son especialmente precisas, estables y duraderas.<\/li>\n<li><strong>Excepcional:<\/strong> Nuestras sondas ZEISS M3 XXT logran una mayor rigidez general del sistema en comparaci\u00f3n con las sondas de sonda M3 convencionales.<\/li>\n<li><strong>R\u00e1pido y f\u00e1cil:<\/strong> gracias a nuestra excepcional cartera de sondas est\u00e1ndar y al taller de metrolog\u00eda de ZEISS, puede obtener las sondas que necesita cuando las necesita.<\/li>\n<li><strong>Variedad:<\/strong> Con nuestras sondas especiales puedes medir todo. Adem\u00e1s de los palpadores esf\u00e9ricos, tambi\u00e9n encontrar\u00e1 sondas en forma de estrella, sondas cil\u00edndricas y sondas en T, as\u00ed como muchas.<\/li>\n<\/ul>\n<p>[\/et_pb_text][et_pb_tabs inactive_tab_background_color=&#8221;#c2c2c2&#8243; active_tab_text_color=&#8221;#333333&#8243; _builder_version=&#8221;4.16&#8243; _module_preset=&#8221;default&#8221; body_font=&#8221;Montserrat||||||||&#8221; body_font_size=&#8221;15px&#8221; body_line_height=&#8221;1.9em&#8221; tab_font=&#8221;Montserrat||||||||&#8221; tab_font_size=&#8221;14px&#8221; border_width_all=&#8221;0px&#8221; border_color_all=&#8221;#0C71C3&#8243; global_colors_info=&#8221;{}&#8221;][et_pb_tab title=&#8221;Calidad ZEISS garantizada con cada uso de la sonda.&#8221; _builder_version=&#8221;4.16&#8243; _module_preset=&#8221;default&#8221; global_colors_info=&#8221;{}&#8221;]<\/p>\n<p>La calidad importa: las sondas pueden ser peque\u00f1as, pero son la parte de una m\u00e1quina de medici\u00f3n de coordenadas que toca la pieza a medir y realiza mediciones de alta precisi\u00f3n a trav\u00e9s de la punta de la sonda correspondiente.<\/p>\n<p>Las sondas de calidad inferior pueden tener una influencia significativa en la precisi\u00f3n de la medici\u00f3n. Esto puede dar lugar a errores de medici\u00f3n importantes y, por tanto, a un aumento de las tasas de desperdicio. La vida \u00fatil de la sonda tambi\u00e9n se ve afectada significativamente por la calidad. Este problema puede evitarse eficazmente con sondas ZEISS de alta calidad.<\/p>\n<p>[\/et_pb_tab][et_pb_tab title=&#8221;Reconocimiento de la calidad &#8221; _builder_version=&#8221;4.16&#8243; _module_preset=&#8221;default&#8221; global_colors_info=&#8221;{}&#8221;]<\/p>\n<p>\u00bfC\u00f3mo se puede reconocer la sonda de la m\u00e1s alta calidad? A simple vista, es dif\u00edcil, pero bajo el microscopio, a menudo hay una clara diferencia. La calidad de una sonda de medici\u00f3n es particularmente evidente en el acabado de la superficie y el dise\u00f1o de la junta. Entre otras cosas, este es un factor decisivo para determinar cu\u00e1nto tiempo puede medir resultados precisos con la misma sonda. La calidad tambi\u00e9n incluye la mayor rigidez posible de la punta, la precisi\u00f3n geom\u00e9trica del elemento de la punta y la m\u00e1xima redondez de la bola de la sonda de medici\u00f3n. Los estrictos controles de proceso de ZEISS en la fabricaci\u00f3n garantizan la calidad de la sonda al m\u00e1s alto nivel.<\/p>\n<p>[\/et_pb_tab][et_pb_tab title=&#8221;Tecnolog\u00edas de producci\u00f3n mejoradas&#8221; _builder_version=&#8221;4.16&#8243; _module_preset=&#8221;default&#8221; global_colors_info=&#8221;{}&#8221;]Las \u00faltimas tecnolog\u00edas, como la soldadura y el procesamiento por l\u00e1ser, as\u00ed como el uso de materiales de alta calidad, aumentan considerablemente la calidad de vida de las sondas en comparaci\u00f3n con los procesos de fabricaci\u00f3n convencionales. Esto ahorra recursos valiosos y le permite entregar productos perfectos a sus clientes. Por lo tanto, se garantizan resultados de medici\u00f3n fiables con alta repetibilidad durante mucho tiempo, y las sondas de medici\u00f3n de alta precisi\u00f3n se suministran con un certificado como garant\u00eda de la precisi\u00f3n prometida.[\/et_pb_tab][\/et_pb_tabs][\/et_pb_column][\/et_pb_row][\/et_pb_section][et_pb_section fb_built=&#8221;1&#8243; _builder_version=&#8221;4.16&#8243; _module_preset=&#8221;default&#8221; background_color=&#8221;#eaeaea&#8221; global_colors_info=&#8221;{}&#8221;][et_pb_row column_structure=&#8221;1_3,2_3&#8243; _builder_version=&#8221;4.16&#8243; _module_preset=&#8221;default&#8221; global_colors_info=&#8221;{}&#8221;][et_pb_column type=&#8221;1_3&#8243; _builder_version=&#8221;4.16&#8243; _module_preset=&#8221;default&#8221; global_colors_info=&#8221;{}&#8221;][et_pb_text _builder_version=&#8221;4.16&#8243; _module_preset=&#8221;default&#8221; text_font=&#8221;Montserrat||||||||&#8221; text_font_size=&#8221;15px&#8221; global_colors_info=&#8221;{}&#8221;]<\/p>\n<p><strong>Obtenga m\u00e1s informaci\u00f3n sobre Probe con #measuringhero<br \/><\/strong><\/p>\n<p>Las sondas no solo est\u00e1n formadas por varios componentes, sino que tambi\u00e9n forman parte de un sistema de medicion completo. En combinaci\u00f3n con MMC y elementos de conexi\u00f3n, extensiones, soportes o insertos de sujeci\u00f3n, las sondas proporcionan resultados de medici\u00f3n con la mayor precisi\u00f3n y repetibilidad con la calidad confiable de ZEISS. Obtenga m\u00e1s informaci\u00f3n sobre el papel de las sondas y los pasos en la producci\u00f3n de sondas con nuestro.<\/p>\n<p><strong> #measuringhero!<\/strong><\/p>\n<p>[\/et_pb_text][\/et_pb_column][et_pb_column type=&#8221;2_3&#8243; _builder_version=&#8221;4.16&#8243; _module_preset=&#8221;default&#8221; global_colors_info=&#8221;{}&#8221;][et_pb_video src=&#8221;https:\/\/www.youtube.com\/watch?v=a3oINXdHLNw&#8221; _builder_version=&#8221;4.16&#8243; _module_preset=&#8221;default&#8221; border_radii=&#8221;on|15px|15px|15px|15px&#8221; global_colors_info=&#8221;{}&#8221;][\/et_pb_video][\/et_pb_column][\/et_pb_row][\/et_pb_section][et_pb_section fb_built=&#8221;1&#8243; _builder_version=&#8221;4.16&#8243; _module_preset=&#8221;default&#8221; global_colors_info=&#8221;{}&#8221;][et_pb_row _builder_version=&#8221;4.16&#8243; _module_preset=&#8221;default&#8221; global_colors_info=&#8221;{}&#8221;][et_pb_column type=&#8221;4_4&#8243; _builder_version=&#8221;4.16&#8243; _module_preset=&#8221;default&#8221; global_colors_info=&#8221;{}&#8221;][et_pb_text _builder_version=&#8221;4.21.0&#8243; _module_preset=&#8221;default&#8221; text_font=&#8221;Montserrat||||||||&#8221; text_font_size=&#8221;17px&#8221; global_colors_info=&#8221;{}&#8221;]<\/p>\n<p><strong>Sistemas compatibles:<br \/><\/strong><\/p>\n<p>&nbsp;<\/p>\n<p>[\/et_pb_text][\/et_pb_column][\/et_pb_row][et_pb_row column_structure=&#8221;1_5,1_5,1_5,1_5,1_5&#8243; _builder_version=&#8221;4.16&#8243; _module_preset=&#8221;default&#8221; global_colors_info=&#8221;{}&#8221;][et_pb_column type=&#8221;1_5&#8243; _builder_version=&#8221;4.16&#8243; _module_preset=&#8221;default&#8221; global_colors_info=&#8221;{}&#8221;][et_pb_image src=&#8221;http:\/\/www.amsarg.com.ar\/accesorios\/wp-content\/uploads\/2023\/07\/zeiss-acurra.jpg&#8221; title_text=&#8221;zeiss-acurra&#8221; show_in_lightbox=&#8221;on&#8221; _builder_version=&#8221;4.21.0&#8243; _module_preset=&#8221;default&#8221; global_colors_info=&#8221;{}&#8221;][\/et_pb_image][et_pb_text _builder_version=&#8221;4.16&#8243; _module_preset=&#8221;default&#8221; text_font=&#8221;Montserrat||||||||&#8221; text_font_size=&#8221;15px&#8221; global_colors_info=&#8221;{}&#8221;]<strong>ZEISS ACCURA<\/strong><\/p>\n<p>A la medida de sus necesidades.[\/et_pb_text][\/et_pb_column][et_pb_column type=&#8221;1_5&#8243; _builder_version=&#8221;4.16&#8243; _module_preset=&#8221;default&#8221; global_colors_info=&#8221;{}&#8221;][et_pb_image src=&#8221;http:\/\/www.amsarg.com.ar\/accesorios\/wp-content\/uploads\/2023\/07\/zeizz-contura-1.jpg&#8221; title_text=&#8221;zeizz-contura-1&#8243; show_in_lightbox=&#8221;on&#8221; _builder_version=&#8221;4.21.0&#8243; _module_preset=&#8221;default&#8221; global_colors_info=&#8221;{}&#8221;][\/et_pb_image][et_pb_text _builder_version=&#8221;4.16&#8243; _module_preset=&#8221;default&#8221; text_font=&#8221;Montserrat||||||||&#8221; text_font_size=&#8221;15px&#8221; global_colors_info=&#8221;{}&#8221;]<strong>ZEISS CONTURA<br \/>\n<\/strong><br \/>\nPreparado para todos los desaf\u00edos de hoy y ma\u00f1ana.[\/et_pb_text][\/et_pb_column][et_pb_column type=&#8221;1_5&#8243; _builder_version=&#8221;4.16&#8243; _module_preset=&#8221;default&#8221; global_colors_info=&#8221;{}&#8221;][et_pb_image src=&#8221;http:\/\/www.amsarg.com.ar\/accesorios\/wp-content\/uploads\/2023\/07\/zeizz-micura.jpg&#8221; title_text=&#8221;zeizz-micura&#8221; show_in_lightbox=&#8221;on&#8221; _builder_version=&#8221;4.21.0&#8243; _module_preset=&#8221;default&#8221; global_colors_info=&#8221;{}&#8221;][\/et_pb_image][et_pb_text _builder_version=&#8221;4.16&#8243; _module_preset=&#8221;default&#8221; text_font=&#8221;Montserrat||||||||&#8221; text_font_size=&#8221;15px&#8221; global_colors_info=&#8221;{}&#8221;]<strong>ZEISS MICURA<br \/>\n<\/strong><br \/>\nEstablece est\u00e1ndares en el segmento de los compactos.[\/et_pb_text][et_pb_divider show_divider=&#8221;off&#8221; _builder_version=&#8221;4.16&#8243; _module_preset=&#8221;default&#8221; global_colors_info=&#8221;{}&#8221;][\/et_pb_divider][\/et_pb_column][et_pb_column type=&#8221;1_5&#8243; _builder_version=&#8221;4.16&#8243; _module_preset=&#8221;default&#8221; global_colors_info=&#8221;{}&#8221;][et_pb_image src=&#8221;http:\/\/www.amsarg.com.ar\/accesorios\/wp-content\/uploads\/2023\/07\/zeizz-prismo.jpg&#8221; title_text=&#8221;zeizz-prismo&#8221; show_in_lightbox=&#8221;on&#8221; _builder_version=&#8221;4.21.0&#8243; _module_preset=&#8221;default&#8221; global_colors_info=&#8221;{}&#8221;][\/et_pb_image][et_pb_text _builder_version=&#8221;4.16&#8243; _module_preset=&#8221;default&#8221; text_font=&#8221;Montserrat||||||||&#8221; text_font_size=&#8221;15px&#8221; global_colors_info=&#8221;{}&#8221;]<strong>ZEISS PRISMO<br \/>\n<\/strong><br \/>\nEscaneo a alta velocidad y m\u00e1xima precisi\u00f3n.[\/et_pb_text][\/et_pb_column][et_pb_column type=&#8221;1_5&#8243; _builder_version=&#8221;4.16&#8243; _module_preset=&#8221;default&#8221; global_colors_info=&#8221;{}&#8221;][et_pb_image src=&#8221;http:\/\/www.amsarg.com.ar\/accesorios\/wp-content\/uploads\/2023\/07\/zeizz-xenos.jpg&#8221; title_text=&#8221;zeizz-xenos&#8221; show_in_lightbox=&#8221;on&#8221; _builder_version=&#8221;4.21.0&#8243; _module_preset=&#8221;default&#8221; global_colors_info=&#8221;{}&#8221;][\/et_pb_image][et_pb_text _builder_version=&#8221;4.16&#8243; _module_preset=&#8221;default&#8221; text_font=&#8221;Montserrat||||||||&#8221; text_font_size=&#8221;15px&#8221; global_colors_info=&#8221;{}&#8221;]<strong>ZEISS XENOS<br \/>\n<\/strong><br \/>\nM\u00e1quina de medici\u00f3n de alta gama para m\u00e1xima precisi\u00f3n.[\/et_pb_text][\/et_pb_column][\/et_pb_row][\/et_pb_section][et_pb_section fb_built=&#8221;1&#8243; _builder_version=&#8221;4.16&#8243; _module_preset=&#8221;default&#8221; background_color=&#8221;#eaeaea&#8221; custom_margin=&#8221;0px||0px||false|false&#8221; global_colors_info=&#8221;{}&#8221;][et_pb_row _builder_version=&#8221;4.16&#8243; _module_preset=&#8221;default&#8221; global_colors_info=&#8221;{}&#8221;][et_pb_column type=&#8221;4_4&#8243; _builder_version=&#8221;4.16&#8243; _module_preset=&#8221;default&#8221; global_colors_info=&#8221;{}&#8221;][et_pb_text _builder_version=&#8221;4.16&#8243; _module_preset=&#8221;default&#8221; text_font=&#8221;Montserrat||||||||&#8221; text_font_size=&#8221;15px&#8221; global_colors_info=&#8221;{}&#8221;]Encuentre el kit de sonda adecuado para su m\u00e1quina de medici\u00f3n por coordenadas ZEISS.[\/et_pb_text][\/et_pb_column][\/et_pb_row][et_pb_row column_structure=&#8221;1_2,1_2&#8243; _builder_version=&#8221;4.16&#8243; _module_preset=&#8221;default&#8221; global_colors_info=&#8221;{}&#8221;][et_pb_column type=&#8221;1_2&#8243; _builder_version=&#8221;4.16&#8243; _module_preset=&#8221;default&#8221; global_colors_info=&#8221;{}&#8221;][et_pb_button button_url=&#8221;http:\/\/www.amsarg.com.ar\/accesorios\/wp-content\/uploads\/2021\/11\/Stylus-kits-M3_DIAGRAMA.pdf&#8221; url_new_window=&#8221;on&#8221; button_text=&#8221;ZEISS stylus system kits M3 XXT &#8221; button_alignment=&#8221;left&#8221; _builder_version=&#8221;4.16&#8243; _module_preset=&#8221;default&#8221; custom_button=&#8221;on&#8221; button_text_size=&#8221;14px&#8221; button_text_color=&#8221;#747d88&#8243; button_border_width=&#8221;0px&#8221; button_border_color=&#8221;#747d88&#8243; button_border_radius=&#8221;100px&#8221; button_letter_spacing=&#8221;2px&#8221; button_font=&#8221;Montserrat|700|||||||&#8221; button_icon=&#8221;&#xe092;||divi||400&#8243; button_icon_color=&#8221;#747d88&#8243; button_icon_placement=&#8221;left&#8221; button_on_hover=&#8221;off&#8221; transform_scale=&#8221;104%|104%&#8221; custom_margin=&#8221;||50px||false|false&#8221; custom_padding=&#8221;||0px||false|false&#8221; animation_style=&#8221;fade&#8221; locked=&#8221;off&#8221; global_colors_info=&#8221;{}&#8221;][\/et_pb_button][\/et_pb_column][et_pb_column type=&#8221;1_2&#8243; _builder_version=&#8221;4.16&#8243; _module_preset=&#8221;default&#8221; global_colors_info=&#8221;{}&#8221;][et_pb_button button_url=&#8221;http:\/\/www.amsarg.com.ar\/accesorios\/wp-content\/uploads\/2021\/11\/Stylus-kits-M5_DIAGRAMA.pdf&#8221; url_new_window=&#8221;on&#8221; button_text=&#8221;ZEISS stylus system kits M5 &#8221; button_alignment=&#8221;left&#8221; _builder_version=&#8221;4.16&#8243; _module_preset=&#8221;default&#8221; custom_button=&#8221;on&#8221; button_text_size=&#8221;14px&#8221; button_text_color=&#8221;#747d88&#8243; button_border_width=&#8221;0px&#8221; button_border_color=&#8221;#747d88&#8243; button_border_radius=&#8221;100px&#8221; button_letter_spacing=&#8221;2px&#8221; button_font=&#8221;Montserrat|700|||||||&#8221; button_icon=&#8221;&#xe092;||divi||400&#8243; button_icon_color=&#8221;#747d88&#8243; button_icon_placement=&#8221;left&#8221; button_on_hover=&#8221;off&#8221; transform_scale=&#8221;104%|104%&#8221; custom_margin=&#8221;||50px||false|false&#8221; custom_padding=&#8221;||0px||false|false&#8221; animation_style=&#8221;fade&#8221; locked=&#8221;off&#8221; global_colors_info=&#8221;{}&#8221;][\/et_pb_button][\/et_pb_column][\/et_pb_row][\/et_pb_section][et_pb_section fb_built=&#8221;1&#8243; admin_label=&#8221;CATALOGO&#8221; _builder_version=&#8221;4.16&#8243; _module_preset=&#8221;default&#8221; global_colors_info=&#8221;{}&#8221;][et_pb_row _builder_version=&#8221;4.16&#8243; _module_preset=&#8221;default&#8221; custom_margin=&#8221;0px||||false|false&#8221; custom_padding=&#8221;0px||||false|false&#8221; global_colors_info=&#8221;{}&#8221;][et_pb_column type=&#8221;4_4&#8243; _builder_version=&#8221;4.16&#8243; _module_preset=&#8221;default&#8221; global_colors_info=&#8221;{}&#8221;][et_pb_text _builder_version=&#8221;4.16&#8243; _module_preset=&#8221;default&#8221; text_font=&#8221;Montserrat||||||||&#8221; text_font_size=&#8221;15px&#8221; global_colors_info=&#8221;{}&#8221;]Conoce los detalles del KIT Styli:[\/et_pb_text][\/et_pb_column][\/et_pb_row][et_pb_row column_structure=&#8221;1_3,1_3,1_3&#8243; _builder_version=&#8221;4.16&#8243; _module_preset=&#8221;default&#8221; global_colors_info=&#8221;{}&#8221;][et_pb_column type=&#8221;1_3&#8243; _builder_version=&#8221;4.16&#8243; _module_preset=&#8221;default&#8221; global_colors_info=&#8221;{}&#8221;][et_pb_text _builder_version=&#8221;4.16&#8243; _module_preset=&#8221;default&#8221; global_colors_info=&#8221;{}&#8221;]<\/p>\n<ul>\n<li><a href=\"http:\/\/www.amsarg.com.ar\/accesorios\/wp-content\/uploads\/2021\/11\/Kit-Advanced-M5.pdf\" target=\"_blank\" rel=\"attachment noopener wp-att-12144\">Kit Advanced M5<\/a><\/li>\n<li><a href=\"http:\/\/www.amsarg.com.ar\/accesorios\/wp-content\/uploads\/2021\/11\/Kit-Basico-M5.pdf\" target=\"_blank\" rel=\"attachment noopener wp-att-12145\">Kit Basico M5<\/a><\/li>\n<li><a href=\"http:\/\/www.amsarg.com.ar\/accesorios\/wp-content\/uploads\/2021\/11\/Kit-Diamond-Scan-M5.pdf\" target=\"_blank\" rel=\"attachment noopener wp-att-12146\">Kit Diamond Scan M5<\/a><\/li>\n<li><a href=\"http:\/\/www.amsarg.com.ar\/accesorios\/wp-content\/uploads\/2021\/11\/Kit-disc-styli-M5.pdf\" target=\"_blank\" rel=\"attachment noopener wp-att-12147\">Kit Disc Styli M5<\/a><\/li>\n<\/ul>\n<p>[\/et_pb_text][\/et_pb_column][et_pb_column type=&#8221;1_3&#8243; _builder_version=&#8221;4.16&#8243; _module_preset=&#8221;default&#8221; global_colors_info=&#8221;{}&#8221;][et_pb_text _builder_version=&#8221;4.16&#8243; _module_preset=&#8221;default&#8221; global_colors_info=&#8221;{}&#8221;]<\/p>\n<ul>\n<li><a href=\"http:\/\/www.amsarg.com.ar\/accesorios\/wp-content\/uploads\/2021\/11\/Kit-Expert-M5.pdf\" target=\"_blank\" rel=\"attachment noopener wp-att-12150\">Kit Expert M5<\/a><\/li>\n<li><a href=\"http:\/\/www.amsarg.com.ar\/accesorios\/wp-content\/uploads\/2021\/11\/Kit-Professional-M5.pdf\" target=\"_blank\" rel=\"attachment noopener wp-att-12151\">Kit Professional M5<\/a><\/li>\n<li><a href=\"http:\/\/www.amsarg.com.ar\/accesorios\/wp-content\/uploads\/2021\/11\/Kit-Standard-M5.pdf\" target=\"_blank\" rel=\"attachment noopener wp-att-12152\">Kit Standard M5<\/a><\/li>\n<li><a href=\"http:\/\/www.amsarg.com.ar\/accesorios\/wp-content\/uploads\/2021\/11\/Kit-Star-Styli-M5.pdf\" target=\"_blank\" rel=\"attachment noopener wp-att-12153\">Kit Star Styli M5<\/a><\/li>\n<\/ul>\n<p>[\/et_pb_text][\/et_pb_column][et_pb_column type=&#8221;1_3&#8243; _builder_version=&#8221;4.16&#8243; _module_preset=&#8221;default&#8221; global_colors_info=&#8221;{}&#8221;][et_pb_text _builder_version=&#8221;4.16&#8243; _module_preset=&#8221;default&#8221; global_colors_info=&#8221;{}&#8221;]<\/p>\n<ul>\n<li><a href=\"http:\/\/www.amsarg.com.ar\/accesorios\/wp-content\/uploads\/2021\/11\/Kit-Star-Styli-with-small-styli-M5.pdf\" target=\"_blank\" rel=\"attachment noopener wp-att-12154\">Kit Star Styli with small Styli M5<\/a><\/li>\n<li><a href=\"http:\/\/www.amsarg.com.ar\/accesorios\/wp-content\/uploads\/2021\/11\/Kit-TermoFit-M5-Professional.pdf\" target=\"_blank\" rel=\"attachment noopener wp-att-12156\">Kit TermoFit M5 Professional<\/a><\/li>\n<li><a href=\"http:\/\/www.amsarg.com.ar\/accesorios\/wp-content\/uploads\/2021\/11\/Kit-TermoFit-M5-Silver-extension.pdf\" target=\"_blank\" rel=\"attachment noopener wp-att-12158\">Kit TermoFit M5 Silver extension<\/a><\/li>\n<li><a href=\"http:\/\/www.amsarg.com.ar\/accesorios\/wp-content\/uploads\/2021\/11\/Kit-TermoFit-M5-Silver.pdf\" target=\"_blank\" rel=\"attachment noopener wp-att-12159\">Kit TermoFit M5 Silver<\/a><\/li>\n<li><a href=\"http:\/\/www.amsarg.com.ar\/accesorios\/wp-content\/uploads\/2021\/11\/Kit-TermoFit-M5-Standard.pdf\" target=\"_blank\" rel=\"attachment noopener wp-att-12160\">Kit TermoFit M5 Standard<\/a><\/li>\n<\/ul>\n<p>[\/et_pb_text][\/et_pb_column][\/et_pb_row][\/et_pb_section]<\/p>\n","protected":false},"excerpt":{"rendered":"<p>La combinaci\u00f3n perfecta para sus tareas de medici\u00f3n.El dise\u00f1o y la calidad de las sondas y los sistemas de sondas tienen una influencia decisiva en las mediciones de metrolog\u00eda t\u00e1ctil. Ya sea con puntas de rub\u00ed esf\u00e9ricas o de diamante, puntas de disco o puntas de estrella: con m\u00e1s de 7.000 puntas en su gama, [&hellip;]<\/p>\n","protected":false},"author":1,"featured_media":0,"parent":0,"menu_order":0,"comment_status":"closed","ping_status":"closed","template":"","meta":{"_et_pb_use_builder":"on","_et_pb_old_content":"<p>[wtbp-table-press id=1]<\/p>","_et_gb_content_width":"","footnotes":""},"class_list":["post-11314","page","type-page","status-publish","hentry"],"_links":{"self":[{"href":"https:\/\/www.amsarg.com.ar\/accesorios\/wp-json\/wp\/v2\/pages\/11314"}],"collection":[{"href":"https:\/\/www.amsarg.com.ar\/accesorios\/wp-json\/wp\/v2\/pages"}],"about":[{"href":"https:\/\/www.amsarg.com.ar\/accesorios\/wp-json\/wp\/v2\/types\/page"}],"author":[{"embeddable":true,"href":"https:\/\/www.amsarg.com.ar\/accesorios\/wp-json\/wp\/v2\/users\/1"}],"replies":[{"embeddable":true,"href":"https:\/\/www.amsarg.com.ar\/accesorios\/wp-json\/wp\/v2\/comments?post=11314"}],"version-history":[{"count":91,"href":"https:\/\/www.amsarg.com.ar\/accesorios\/wp-json\/wp\/v2\/pages\/11314\/revisions"}],"predecessor-version":[{"id":13338,"href":"https:\/\/www.amsarg.com.ar\/accesorios\/wp-json\/wp\/v2\/pages\/11314\/revisions\/13338"}],"wp:attachment":[{"href":"https:\/\/www.amsarg.com.ar\/accesorios\/wp-json\/wp\/v2\/media?parent=11314"}],"curies":[{"name":"wp","href":"https:\/\/api.w.org\/{rel}","templated":true}]}}