{"id":13017,"date":"2022-01-14T19:41:14","date_gmt":"2022-01-14T19:41:14","guid":{"rendered":"https:\/\/www.masmetrology.com.br\/accesorios\/?page_id=13017"},"modified":"2023-02-14T12:39:41","modified_gmt":"2023-02-14T12:39:41","slug":"pallets","status":"publish","type":"page","link":"https:\/\/www.amsarg.com.ar\/accesorios\/pallets\/","title":{"rendered":"Pallets"},"content":{"rendered":"<p>[et_pb_section fb_built=&#8221;1&#8243; fullwidth=&#8221;on&#8221; _builder_version=&#8221;4.16&#8243; _module_preset=&#8221;default&#8221; global_colors_info=&#8221;{}&#8221;][et_pb_fullwidth_slider _builder_version=&#8221;4.16&#8243; _module_preset=&#8221;default&#8221; header_level=&#8221;h1&#8243; header_font=&#8221;Montserrat|600|||||||&#8221; header_font_size=&#8221;50px&#8221; body_font=&#8221;Montserrat|600|||||||&#8221; body_text_color=&#8221;#ffffff&#8221; body_font_size=&#8221;20px&#8221; background_image=&#8221;http:\/\/www.amsarg.com.ar\/wp-content\/uploads\/2020\/08\/SLIDER_novedades-scaled.jpg&#8221; custom_button=&#8221;on&#8221; button_text_size=&#8221;18px&#8221; button_text_color=&#8221;#ffffff&#8221; button_border_width=&#8221;4px&#8221; button_border_color=&#8221;#ffffff&#8221; button_border_radius=&#8221;100px&#8221; button_font=&#8221;Montserrat|||on|||||&#8221; button_icon_color=&#8221;#ffffff&#8221; auto=&#8221;on&#8221; auto_speed=&#8221;3500&#8243; auto_ignore_hover=&#8221;on&#8221; body_text_shadow_style=&#8221;preset1&#8243; global_colors_info=&#8221;{}&#8221;][et_pb_slide heading=&#8221;Sistema de Pallets&#8221; heading_tablet=&#8221;ZEISS Styli para m\u00e1quinas de medi\u00e7\u00e3o por coordenadas &#8221; heading_phone=&#8221;ZEISS Styli para m\u00e1quinas de medi\u00e7\u00e3o por coordenadas &#8221; heading_last_edited=&#8221;on|desktop&#8221; _builder_version=&#8221;4.16&#8243; _module_preset=&#8221;default&#8221; background_enable_color=&#8221;off&#8221; background_image=&#8221;http:\/\/www.amsarg.com.ar\/accesorios\/wp-content\/uploads\/2022\/01\/zeiss-pallets.jpg&#8221; background_enable_image=&#8221;on&#8221; global_colors_info=&#8221;{}&#8221; sticky_transition=&#8221;on&#8221;]Con pallets, las piezas se pueden sujetar antes de la medici\u00f3n, lejos de la m\u00e1quina, lo que aumenta la productividad.[\/et_pb_slide][\/et_pb_fullwidth_slider][\/et_pb_section][et_pb_section fb_built=&#8221;1&#8243; admin_label=&#8221;pallets&#8221; _builder_version=&#8221;4.16&#8243; _module_preset=&#8221;default&#8221; global_colors_info=&#8221;{}&#8221;][et_pb_row column_structure=&#8221;1_3,2_3&#8243; _builder_version=&#8221;4.16&#8243; _module_preset=&#8221;default&#8221; global_colors_info=&#8221;{}&#8221;][et_pb_column type=&#8221;1_3&#8243; _builder_version=&#8221;4.16&#8243; _module_preset=&#8221;default&#8221; global_colors_info=&#8221;{}&#8221;][et_pb_image src=&#8221;http:\/\/www.amsarg.com.ar\/accesorios\/wp-content\/uploads\/2023\/02\/416_1536766913345.jpg&#8221; title_text=&#8221;416_1536766913345&#8243; _builder_version=&#8221;4.19.5&#8243; _module_preset=&#8221;default&#8221; global_colors_info=&#8221;{}&#8221;][\/et_pb_image][\/et_pb_column][et_pb_column type=&#8221;2_3&#8243; _builder_version=&#8221;4.16&#8243; _module_preset=&#8221;default&#8221; global_colors_info=&#8221;{}&#8221;][et_pb_text _builder_version=&#8221;4.16&#8243; _module_preset=&#8221;default&#8221; text_font=&#8221;Montserrat||||||||&#8221; text_font_size=&#8221;15px&#8221; text_line_height=&#8221;1.8em&#8221; header_4_font=&#8221;Montserrat|600|||||||&#8221; header_4_font_size=&#8221;25px&#8221; header_4_line_height=&#8221;1.8em&#8221; custom_margin=&#8221;0px||||false|false&#8221; global_colors_info=&#8221;{}&#8221;]<\/p>\n<h4>Pallets and Clamping Pallets<\/h4>\n<p>Con los sistemas de pal\u00e9s de ZEISS, la eficiencia del dispositivo de medici\u00f3n se puede aumentar significativamente: mientras el dispositivo mide, la siguiente pieza de trabajo se coloca en otro pal\u00e9. El palet se puede cambiar en cuesti\u00f3n de segundos y se puede alinear para medir sin necesidad de reposicionar la pieza. Las placas de rejilla tambi\u00e9n est\u00e1n disponibles para el montaje seguro de piezas de trabajo en la m\u00e1quina de medici\u00f3n de coordenadas. Para ello, se utilizan luminarias del sistema modular ZEISS.[\/et_pb_text][et_pb_button button_url=&#8221;http:\/\/www.amsarg.com.ar\/accesorios\/pallets-and-clamping-pallets\/&#8221; button_text=&#8221;Cat\u00e1logo&#8221; button_alignment=&#8221;left&#8221; _builder_version=&#8221;4.16&#8243; _module_preset=&#8221;default&#8221; custom_button=&#8221;on&#8221; button_text_size=&#8221;14px&#8221; button_text_color=&#8221;#747d88&#8243; button_border_width=&#8221;4px&#8221; button_border_color=&#8221;#747d88&#8243; button_border_radius=&#8221;100px&#8221; button_letter_spacing=&#8221;2px&#8221; button_font=&#8221;Montserrat|700|||||||&#8221; button_icon=&#8221;&#xe07a;||divi||400&#8243; button_icon_color=&#8221;#747d88&#8243; button_icon_placement=&#8221;left&#8221; button_on_hover=&#8221;off&#8221; transform_scale=&#8221;104%|104%&#8221; custom_margin=&#8221;||50px||false|false&#8221; custom_padding=&#8221;||0px||false|false&#8221; animation_style=&#8221;fade&#8221; locked=&#8221;off&#8221; global_colors_info=&#8221;{}&#8221;][\/et_pb_button][\/et_pb_column][\/et_pb_row][\/et_pb_section][et_pb_section fb_built=&#8221;1&#8243; admin_label=&#8221;optical&#8221; _builder_version=&#8221;4.16&#8243; _module_preset=&#8221;default&#8221; background_color=&#8221;#eaeaea&#8221; global_colors_info=&#8221;{}&#8221;][et_pb_row column_structure=&#8221;2_3,1_3&#8243; _builder_version=&#8221;4.16&#8243; _module_preset=&#8221;default&#8221; global_colors_info=&#8221;{}&#8221;][et_pb_column type=&#8221;2_3&#8243; _builder_version=&#8221;4.16&#8243; _module_preset=&#8221;default&#8221; global_colors_info=&#8221;{}&#8221;][et_pb_text _builder_version=&#8221;4.16&#8243; _module_preset=&#8221;default&#8221; text_font=&#8221;Montserrat||||||||&#8221; text_font_size=&#8221;15px&#8221; text_line_height=&#8221;1.9em&#8221; header_4_font=&#8221;Montserrat|600|||||||&#8221; header_4_font_size=&#8221;25px&#8221; header_4_line_height=&#8221;1.8em&#8221; custom_margin=&#8221;0px||||false|false&#8221; global_colors_info=&#8221;{}&#8221;]<\/p>\n<h4>\u00d3ptico<\/h4>\n<p>El sistema de paletas ZEISS OMEGA est\u00e1 dise\u00f1ado para los instrumentos de medici\u00f3n \u00f3ptica O-INSPECT, O-DETECT y O-SELECT de ZEISS. Los palets est\u00e1n disponibles con una superficie lisa, fabricados en vidrio apto para mediciones de luz transmitida o anodizados en negro con rejillas de perforaci\u00f3n adecuadas para sus propios proyectos con diferentes tama\u00f1os de rosca.[\/et_pb_text][et_pb_button button_url=&#8221;http:\/\/www.amsarg.com.ar\/accesorios\/opctical\/&#8221; button_text=&#8221;Cat\u00e1logo&#8221; button_alignment=&#8221;left&#8221; _builder_version=&#8221;4.16&#8243; _module_preset=&#8221;default&#8221; custom_button=&#8221;on&#8221; button_text_size=&#8221;14px&#8221; button_text_color=&#8221;#747d88&#8243; button_border_width=&#8221;4px&#8221; button_border_color=&#8221;#747d88&#8243; button_border_radius=&#8221;100px&#8221; button_letter_spacing=&#8221;2px&#8221; button_font=&#8221;Montserrat|700|||||||&#8221; button_icon=&#8221;&#xe07a;||divi||400&#8243; button_icon_color=&#8221;#747d88&#8243; button_icon_placement=&#8221;left&#8221; button_on_hover=&#8221;off&#8221; transform_scale=&#8221;104%|104%&#8221; custom_margin=&#8221;||50px||false|false&#8221; custom_padding=&#8221;||0px||false|false&#8221; animation_style=&#8221;fade&#8221; locked=&#8221;off&#8221; global_colors_info=&#8221;{}&#8221;][\/et_pb_button][\/et_pb_column][et_pb_column type=&#8221;1_3&#8243; _builder_version=&#8221;4.16&#8243; _module_preset=&#8221;default&#8221; global_colors_info=&#8221;{}&#8221;][et_pb_image src=&#8221;http:\/\/www.amsarg.com.ar\/accesorios\/wp-content\/uploads\/2023\/02\/178_1615985158628.png&#8221; title_text=&#8221;178_1615985158628&#8243; _builder_version=&#8221;4.19.5&#8243; _module_preset=&#8221;default&#8221; global_colors_info=&#8221;{}&#8221;][\/et_pb_image][\/et_pb_column][\/et_pb_row][\/et_pb_section][et_pb_section fb_built=&#8221;1&#8243; admin_label=&#8221;tactile&#8221; _builder_version=&#8221;4.16&#8243; _module_preset=&#8221;default&#8221; global_colors_info=&#8221;{}&#8221;][et_pb_row column_structure=&#8221;1_3,2_3&#8243; _builder_version=&#8221;4.16&#8243; _module_preset=&#8221;default&#8221; global_colors_info=&#8221;{}&#8221;][et_pb_column type=&#8221;1_3&#8243; _builder_version=&#8221;4.16&#8243; _module_preset=&#8221;default&#8221; global_colors_info=&#8221;{}&#8221;][et_pb_image src=&#8221;http:\/\/www.amsarg.com.ar\/accesorios\/wp-content\/uploads\/2023\/02\/172_1615985076136.png&#8221; title_text=&#8221;172_1615985076136&#8243; _builder_version=&#8221;4.19.5&#8243; _module_preset=&#8221;default&#8221; global_colors_info=&#8221;{}&#8221;][\/et_pb_image][\/et_pb_column][et_pb_column type=&#8221;2_3&#8243; _builder_version=&#8221;4.16&#8243; _module_preset=&#8221;default&#8221; global_colors_info=&#8221;{}&#8221;][et_pb_text _builder_version=&#8221;4.16&#8243; _module_preset=&#8221;default&#8221; text_font=&#8221;Montserrat||||||||&#8221; text_font_size=&#8221;15px&#8221; text_line_height=&#8221;1.8em&#8221; header_4_font=&#8221;Montserrat|600|||||||&#8221; header_4_font_size=&#8221;25px&#8221; header_4_line_height=&#8221;1.8em&#8221; custom_margin=&#8221;0px||||false|false&#8221; global_colors_info=&#8221;{}&#8221;]<\/p>\n<h4>T\u00e1ctil<\/h4>\n<p>El sistema de pallets ZEISS THETA se puede utilizar para p\u00f3rticos t\u00e1ctiles y dispositivos de medici\u00f3n de producci\u00f3n. Los pallets est\u00e1n disponibles con o sin rejilla de agujeros. Los patrones de orificios est\u00e1n disponibles en diferentes tama\u00f1os y rejillas. Esto le permite adaptar f\u00e1cilmente sus propias configuraciones[\/et_pb_text][et_pb_button button_url=&#8221;http:\/\/www.amsarg.com.ar\/accesorios\/tactile\/&#8221; button_text=&#8221;Cat\u00e1logo&#8221; button_alignment=&#8221;left&#8221; _builder_version=&#8221;4.19.5&#8243; _module_preset=&#8221;default&#8221; custom_button=&#8221;on&#8221; button_text_size=&#8221;14px&#8221; button_text_color=&#8221;#747d88&#8243; button_border_width=&#8221;4px&#8221; button_border_color=&#8221;#747d88&#8243; button_border_radius=&#8221;100px&#8221; button_letter_spacing=&#8221;2px&#8221; button_font=&#8221;Montserrat|700|||||||&#8221; button_icon=&#8221;&#xe07a;||divi||400&#8243; button_icon_color=&#8221;#747d88&#8243; button_icon_placement=&#8221;left&#8221; button_on_hover=&#8221;off&#8221; transform_scale=&#8221;104%|104%&#8221; custom_margin=&#8221;||50px||false|false&#8221; custom_padding=&#8221;||0px||false|false&#8221; animation_style=&#8221;fade&#8221; hover_enabled=&#8221;0&#8243; locked=&#8221;off&#8221; global_colors_info=&#8221;{}&#8221; sticky_enabled=&#8221;0&#8243;][\/et_pb_button][\/et_pb_column][\/et_pb_row][\/et_pb_section][et_pb_section fb_built=&#8221;1&#8243; admin_label=&#8221;Tomografic&#8221; _builder_version=&#8221;4.16&#8243; _module_preset=&#8221;default&#8221; background_color=&#8221;#eaeaea&#8221; global_colors_info=&#8221;{}&#8221;][et_pb_row column_structure=&#8221;3_5,2_5&#8243; _builder_version=&#8221;4.16&#8243; _module_preset=&#8221;default&#8221; global_colors_info=&#8221;{}&#8221;][et_pb_column type=&#8221;3_5&#8243; _builder_version=&#8221;4.16&#8243; _module_preset=&#8221;default&#8221; global_colors_info=&#8221;{}&#8221;][et_pb_text _builder_version=&#8221;4.16&#8243; _module_preset=&#8221;default&#8221; text_font=&#8221;Montserrat||||||||&#8221; text_font_size=&#8221;15px&#8221; text_line_height=&#8221;1.9em&#8221; header_4_font=&#8221;Montserrat|600|||||||&#8221; header_4_font_size=&#8221;25px&#8221; header_4_line_height=&#8221;1.8em&#8221; custom_margin=&#8221;0px||||false|false&#8221; global_colors_info=&#8221;{}&#8221;]<\/p>\n<h4>Tomogr\u00e1fico<\/h4>\n<p>El sistema de paletas ZEISS GAMMA se utiliza para sujetar componentes en el tom\u00f3grafo computarizado ZEISS METROTOM o VoluMax. Para utilizar todo el rango de medici\u00f3n del eje Z, ofrecemos sistemas de torre de varios niveles o mesas elevadoras.[\/et_pb_text][et_pb_button button_url=&#8221;http:\/\/www.amsarg.com.ar\/accesorios\/tomografic\/&#8221; button_text=&#8221;Cat\u00e1logo&#8221; button_alignment=&#8221;left&#8221; _builder_version=&#8221;4.16&#8243; _module_preset=&#8221;default&#8221; custom_button=&#8221;on&#8221; button_text_size=&#8221;14px&#8221; button_text_color=&#8221;#747d88&#8243; button_border_width=&#8221;4px&#8221; button_border_color=&#8221;#747d88&#8243; button_border_radius=&#8221;100px&#8221; button_letter_spacing=&#8221;2px&#8221; button_font=&#8221;Montserrat|700|||||||&#8221; button_icon=&#8221;&#xe07a;||divi||400&#8243; button_icon_color=&#8221;#747d88&#8243; button_icon_placement=&#8221;left&#8221; button_on_hover=&#8221;off&#8221; transform_scale=&#8221;104%|104%&#8221; custom_margin=&#8221;||50px||false|false&#8221; custom_padding=&#8221;||0px||false|false&#8221; animation_style=&#8221;fade&#8221; locked=&#8221;off&#8221; global_colors_info=&#8221;{}&#8221;][\/et_pb_button][\/et_pb_column][et_pb_column type=&#8221;2_5&#8243; _builder_version=&#8221;4.16&#8243; _module_preset=&#8221;default&#8221; global_colors_info=&#8221;{}&#8221;][et_pb_image src=&#8221;http:\/\/www.amsarg.com.ar\/accesorios\/wp-content\/uploads\/2023\/02\/pimage_7fdf7dac7bbd0c9e90533d6443465371.jpg&#8221; title_text=&#8221;pimage_7fdf7dac7bbd0c9e90533d6443465371&#8243; _builder_version=&#8221;4.19.5&#8243; _module_preset=&#8221;default&#8221; global_colors_info=&#8221;{}&#8221;][\/et_pb_image][\/et_pb_column][\/et_pb_row][\/et_pb_section]<\/p>\n","protected":false},"excerpt":{"rendered":"<p>Con pallets, las piezas se pueden sujetar antes de la medici\u00f3n, lejos de la m\u00e1quina, lo que aumenta la productividad.Pallets and Clamping Pallets Con los sistemas de pal\u00e9s de ZEISS, la eficiencia del dispositivo de medici\u00f3n se puede aumentar significativamente: mientras el dispositivo mide, la siguiente pieza de trabajo se coloca en otro pal\u00e9. El [&hellip;]<\/p>\n","protected":false},"author":1,"featured_media":0,"parent":0,"menu_order":0,"comment_status":"closed","ping_status":"closed","template":"","meta":{"_et_pb_use_builder":"on","_et_pb_old_content":"","_et_gb_content_width":"","footnotes":""},"class_list":["post-13017","page","type-page","status-publish","hentry"],"_links":{"self":[{"href":"https:\/\/www.amsarg.com.ar\/accesorios\/wp-json\/wp\/v2\/pages\/13017"}],"collection":[{"href":"https:\/\/www.amsarg.com.ar\/accesorios\/wp-json\/wp\/v2\/pages"}],"about":[{"href":"https:\/\/www.amsarg.com.ar\/accesorios\/wp-json\/wp\/v2\/types\/page"}],"author":[{"embeddable":true,"href":"https:\/\/www.amsarg.com.ar\/accesorios\/wp-json\/wp\/v2\/users\/1"}],"replies":[{"embeddable":true,"href":"https:\/\/www.amsarg.com.ar\/accesorios\/wp-json\/wp\/v2\/comments?post=13017"}],"version-history":[{"count":26,"href":"https:\/\/www.amsarg.com.ar\/accesorios\/wp-json\/wp\/v2\/pages\/13017\/revisions"}],"predecessor-version":[{"id":13313,"href":"https:\/\/www.amsarg.com.ar\/accesorios\/wp-json\/wp\/v2\/pages\/13017\/revisions\/13313"}],"wp:attachment":[{"href":"https:\/\/www.amsarg.com.ar\/accesorios\/wp-json\/wp\/v2\/media?parent=13017"}],"curies":[{"name":"wp","href":"https:\/\/api.w.org\/{rel}","templated":true}]}}